{"id":32,"date":"2020-03-15T15:42:21","date_gmt":"2020-03-15T15:42:21","guid":{"rendered":"https:\/\/www.selevis.fi\/?page_id=32"},"modified":"2026-03-19T18:03:08","modified_gmt":"2026-03-19T18:03:08","slug":"etusivu","status":"publish","type":"page","link":"https:\/\/www.selevis.fi\/","title":{"rendered":"Kohti parempaa hyvinvointia"},"content":{"rendered":"\n<p><strong>selevis <\/strong>tarjoaa mahdollisuuden ratkaisukeskeisiin keskusteluihin ja tukea muutosprosesseihin, joiden alkuun saattaminen tuntuu yksin ty\u00f6l\u00e4\u00e4lt\u00e4. seleviksen tarjoama palvelu sopii el\u00e4m\u00e4ntilanteisiin, josta eteenp\u00e4in p\u00e4\u00e4seminen vaatii uusien n\u00e4k\u00f6kulmien l\u00f6yt\u00e4mist\u00e4.<\/p>\n\n\n\n<p>Voimavarojen tunnistamiseen t\u00e4ht\u00e4\u00e4v\u00e4 yhteisty\u00f6 on intensiivist\u00e4 ja rakenteellista ty\u00f6skentely\u00e4, jossa ensimm\u00e4isess\u00e4 tapaamisessa luodut tavoitteet m\u00e4\u00e4ritt\u00e4v\u00e4t yhteisty\u00f6suhteen pituuden. Tapaamisten m\u00e4\u00e4r\u00e4 vaihtelee muutamasta tapaamiskerrasta noin kymmeneen tapaamiseen. Yhteisty\u00f6 perustuu luottamuksellisuuteen ja tapaamisista kirjataan vain ty\u00f6muistiinpanot.<\/p>\n\n\n\n<p id=\"block-90a0d630-56ff-4d05-a8f2-c421d1e412e1\">Tapaamiset j\u00e4rjestet\u00e4\u00e4n p\u00e4\u00e4s\u00e4\u00e4nt\u00f6isesti et\u00e4n\u00e4, mutta tarvittaessa seleviksell\u00e4 on k\u00e4ytett\u00e4viss\u00e4 ty\u00f6tilat sek\u00e4 J\u00e4rvenp\u00e4\u00e4n ett\u00e4 Helsingin keskustassa. Jos tapaaminen et\u00e4n\u00e4 ei sinulle syyst\u00e4 tai toisesta sovi, laitathan erikseen s\u00e4hk\u00f6postia osoitteeseen nina.mouhu@selevis.fi. Et\u00e4tapaamisissa hy\u00f6dynnet\u00e4\u00e4n tietoturvallista solki.live-palvelua.<\/p>\n\n\n\n<p>Vastaanottoaikoja on t\u00e4ll\u00e4 hetkell\u00e4 tarjolla arki-iltaisin ja viikonloppuisin.<\/p>\n\n\n\n<p>Varaa aikasi helposti <a href=\"https:\/\/valitseterapia.fi\/terapeutit\/nina-mouhu\/\" data-type=\"URL\" data-id=\"https:\/\/valitseterapia.fi\/terapeutit\/nina-mouhu\/\" target=\"_blank\" rel=\"noreferrer noopener\">t\u00e4\u00e4lt\u00e4<\/a>.<\/p>\n","protected":false},"excerpt":{"rendered":"<p>selevis tarjoaa mahdollisuuden ratkaisukeskeisiin keskusteluihin ja tukea muutosprosesseihin, joiden alkuun saattaminen tuntuu yksin ty\u00f6l\u00e4\u00e4lt\u00e4. seleviksen tarjoama palvelu sopii el\u00e4m\u00e4ntilanteisiin, josta eteenp\u00e4in p\u00e4\u00e4seminen vaatii uusien n\u00e4k\u00f6kulmien l\u00f6yt\u00e4mist\u00e4. Voimavarojen tunnistamiseen t\u00e4ht\u00e4\u00e4v\u00e4 yhteisty\u00f6 on intensiivist\u00e4 ja rakenteellista ty\u00f6skentely\u00e4, jossa ensimm\u00e4isess\u00e4 tapaamisessa luodut tavoitteet m\u00e4\u00e4ritt\u00e4v\u00e4t yhteisty\u00f6suhteen pituuden. Tapaamisten m\u00e4\u00e4r\u00e4 vaihtelee muutamasta tapaamiskerrasta noin kymmeneen tapaamiseen. Yhteisty\u00f6 perustuu luottamuksellisuuteen ja &hellip; <\/p>\n<p class=\"link-more\"><a href=\"https:\/\/www.selevis.fi\/\" class=\"more-link\">Jatka lukemista<span class=\"screen-reader-text\"> &#8221;Kohti parempaa hyvinvointia&#8221;<\/span><\/a><\/p>\n","protected":false},"author":1,"featured_media":264,"parent":0,"menu_order":0,"comment_status":"closed","ping_status":"closed","template":"","meta":{"footnotes":""},"class_list":["post-32","page","type-page","status-publish","has-post-thumbnail","hentry","entry"],"_links":{"self":[{"href":"https:\/\/www.selevis.fi\/index.php?rest_route=\/wp\/v2\/pages\/32","targetHints":{"allow":["GET"]}}],"collection":[{"href":"https:\/\/www.selevis.fi\/index.php?rest_route=\/wp\/v2\/pages"}],"about":[{"href":"https:\/\/www.selevis.fi\/index.php?rest_route=\/wp\/v2\/types\/page"}],"author":[{"embeddable":true,"href":"https:\/\/www.selevis.fi\/index.php?rest_route=\/wp\/v2\/users\/1"}],"replies":[{"embeddable":true,"href":"https:\/\/www.selevis.fi\/index.php?rest_route=%2Fwp%2Fv2%2Fcomments&post=32"}],"version-history":[{"count":16,"href":"https:\/\/www.selevis.fi\/index.php?rest_route=\/wp\/v2\/pages\/32\/revisions"}],"predecessor-version":[{"id":280,"href":"https:\/\/www.selevis.fi\/index.php?rest_route=\/wp\/v2\/pages\/32\/revisions\/280"}],"wp:featuredmedia":[{"embeddable":true,"href":"https:\/\/www.selevis.fi\/index.php?rest_route=\/wp\/v2\/media\/264"}],"wp:attachment":[{"href":"https:\/\/www.selevis.fi\/index.php?rest_route=%2Fwp%2Fv2%2Fmedia&parent=32"}],"curies":[{"name":"wp","href":"https:\/\/api.w.org\/{rel}","templated":true}]}}