{"id":75,"date":"2020-03-15T17:38:33","date_gmt":"2020-03-15T17:38:33","guid":{"rendered":"https:\/\/www.selevis.fi\/?page_id=75"},"modified":"2026-03-19T18:02:31","modified_gmt":"2026-03-19T18:02:31","slug":"hinnasto","status":"publish","type":"page","link":"https:\/\/www.selevis.fi\/?page_id=75","title":{"rendered":"Hinnasto"},"content":{"rendered":"\n<p>Tapaamiset ovat kestoltaan 45-90 min ja ty\u00f6skentelyprosessissa tapaamiskertoja on yleens\u00e4 1-10. <\/p>\n\n\n\n<p><strong>Hinnat 31.12.2026 asti<\/strong><\/p>\n\n\n\n<p>Tutustumisk\u00e4ynti 20 min veloituksetta <br> <strong>45 min 60\u20ac<br> 90 min 105\u20ac<\/strong><\/p>\n\n\n\n<p>Hyvinvointivalmennuksen pakettihinnat<br><strong>3 x 45 min 150\u20ac<\/strong><br><strong>5 x 45 min 225\u20ac<\/strong><\/p>\n\n\n\n<p>Hyvinvointikartoitus ja liikuntasuunnitelma<br><strong>85\u20ac<\/strong><\/p>\n\n\n\n<p><\/p>\n\n\n\n<p>Varaa aikasi helposti <a rel=\"noreferrer noopener\" href=\"https:\/\/valitseterapia.fi\/terapeutit\/nina-mouhu\/\" data-type=\"URL\" data-id=\"https:\/\/valitseterapia.fi\/terapeutit\/nina-mouhu\/\" target=\"_blank\">t\u00e4\u00e4lt\u00e4<\/a>.<\/p>\n","protected":false},"excerpt":{"rendered":"<p>Tapaamiset ovat kestoltaan 45-90 min ja ty\u00f6skentelyprosessissa tapaamiskertoja on yleens\u00e4 1-10. Hinnat 31.12.2026 asti Tutustumisk\u00e4ynti 20 min veloituksetta 45 min 60\u20ac 90 min 105\u20ac Hyvinvointivalmennuksen pakettihinnat3 x 45 min 150\u20ac5 x 45 min 225\u20ac Hyvinvointikartoitus ja liikuntasuunnitelma85\u20ac Varaa aikasi helposti t\u00e4\u00e4lt\u00e4.<\/p>\n","protected":false},"author":1,"featured_media":264,"parent":0,"menu_order":0,"comment_status":"closed","ping_status":"closed","template":"","meta":{"footnotes":""},"class_list":["post-75","page","type-page","status-publish","has-post-thumbnail","hentry","entry"],"_links":{"self":[{"href":"https:\/\/www.selevis.fi\/index.php?rest_route=\/wp\/v2\/pages\/75","targetHints":{"allow":["GET"]}}],"collection":[{"href":"https:\/\/www.selevis.fi\/index.php?rest_route=\/wp\/v2\/pages"}],"about":[{"href":"https:\/\/www.selevis.fi\/index.php?rest_route=\/wp\/v2\/types\/page"}],"author":[{"embeddable":true,"href":"https:\/\/www.selevis.fi\/index.php?rest_route=\/wp\/v2\/users\/1"}],"replies":[{"embeddable":true,"href":"https:\/\/www.selevis.fi\/index.php?rest_route=%2Fwp%2Fv2%2Fcomments&post=75"}],"version-history":[{"count":32,"href":"https:\/\/www.selevis.fi\/index.php?rest_route=\/wp\/v2\/pages\/75\/revisions"}],"predecessor-version":[{"id":282,"href":"https:\/\/www.selevis.fi\/index.php?rest_route=\/wp\/v2\/pages\/75\/revisions\/282"}],"wp:featuredmedia":[{"embeddable":true,"href":"https:\/\/www.selevis.fi\/index.php?rest_route=\/wp\/v2\/media\/264"}],"wp:attachment":[{"href":"https:\/\/www.selevis.fi\/index.php?rest_route=%2Fwp%2Fv2%2Fmedia&parent=75"}],"curies":[{"name":"wp","href":"https:\/\/api.w.org\/{rel}","templated":true}]}}