{"id":81,"date":"2020-03-15T18:49:41","date_gmt":"2020-03-15T18:49:41","guid":{"rendered":"https:\/\/www.selevis.fi\/?page_id=81"},"modified":"2026-03-19T18:03:28","modified_gmt":"2026-03-19T18:03:28","slug":"palveluista-vastaa","status":"publish","type":"page","link":"https:\/\/www.selevis.fi\/?page_id=81","title":{"rendered":"Palveluista vastaa"},"content":{"rendered":"<div class=\"wp-block-image\">\n<figure class=\"aligncenter size-large is-resized\"><img loading=\"lazy\" decoding=\"async\" width=\"960\" height=\"946\" src=\"https:\/\/www.selevis.fi\/wp-content\/uploads\/2020\/05\/nina.jpg\" alt=\"\" class=\"wp-image-113\" style=\"width:391px;height:386px\" srcset=\"https:\/\/www.selevis.fi\/wp-content\/uploads\/2020\/05\/nina.jpg 960w, https:\/\/www.selevis.fi\/wp-content\/uploads\/2020\/05\/nina-300x296.jpg 300w, https:\/\/www.selevis.fi\/wp-content\/uploads\/2020\/05\/nina-768x757.jpg 768w\" sizes=\"auto, (max-width: 960px) 100vw, 960px\" \/><figcaption class=\"wp-element-caption\">Nina Mouhu<\/figcaption><\/figure>\n<\/div>\n\n\n<p>Koulutukseltani olen ammatillinen opettaja (AmO), valtiotieteiden maisteri ja sosionomi (AMK). Yliopistossa olen opiskellut p\u00e4\u00e4aineenani sosiaality\u00f6t\u00e4 ja sivuaineina psykologiaa ja erityispedagogiikkaa. Ratkaisukeskeiseksi lyhytterapeutiksi olen valmistunut toukokuussa 2021. <\/p>\n\n\n\n<p>Muu koulutus:<\/p>\n\n\n\n<p style=\"font-size:16.5px\">&#8211; Liikunta ja hyvinvointiosaaminen 2024, Jyv\u00e4skyl\u00e4n yliopisto<br>&#8211; Psyykkiset traumat 2023, Turun yliopisto<br>&#8211; ADHD-strategiaohjaaja 2023, ADHD-liitto ry<br>&#8211; LEAD-johtamisvalmennus 2022, AVA-akatemia<br>&#8211; Asahi-ohjaaja (C-lisenssi) 2022, Asahi Nordic<br>&#8211; Kertaterapia (SST) 2022, Lyhytterapiainstituutti<br>&#8211; Avaimet el\u00e4m\u00e4ntapamuutokseen 2022, Kaakkois-Suomen ammattikorkeakoulu<br>&#8211; Hyvinvointivalmentaja 2021, Trainer Lab Oy<br>&#8211; Liikunnanohjauksen peruskoulutus 2021, Trainer Lab Oy<br>&#8211; Kids&#8217;Skills 2020, Lyhytterapiainstituutti<br>&#8211; Yritt\u00e4j\u00e4n ammattitutkinto 2020, Novida<br>&#8211; Neuroscience of Learning 2018, Helsingin yliopisto<br>&#8211; Tuloksellinen itsens\u00e4 johtaminen ja hyv\u00e4 yhteisty\u00f6 2018, Heuristica Oy<br>&#8211; Interpersoonallisen psykoterapian (IPT) koulutus 2018, Margareta Fellman-H\u00e4m\u00e4l\u00e4inen<br>&#8211; Perhearviointi &#8211; Perheen toimintakyvyn, voimavarojen, vahvuuksien ja vaikeuksien arviointimenetelm\u00e4koulutus 2018, Suomen Mielenterveysseura<br>&#8211; Johtamisen erikoisammattitutkinto 2017, Edupoli<br>&#8211; Oppimisen vaikeudet nuorilla ja aikuisilla \u2013 tunnistus ja tuki 2015, Kuntoutuss\u00e4\u00e4ti\u00f6<br>&#8211; Pelihaittojen ennaltaehk\u00e4isy 2013, THL &amp; Diakonia ammattikorkeakoulu<br>&#8211; P\u00e4ihdel\u00e4\u00e4ketieteen perusteet 2009, Helsingin yliopisto<br>&#8211; Esiopetuksen opettajien p\u00e4tev\u00f6itymiskoulutus 2004, Helsingin yliopisto<br>&#8211; NLP:n mahdollisuudet lasten ja nuorten ohjaamisessa 2001, Lahden kansanopisto<br>&#8211; Kasvatustieteen perusopinnot 1996, Joensuun yliopisto<\/p>\n","protected":false},"excerpt":{"rendered":"<p>Koulutukseltani olen ammatillinen opettaja (AmO), valtiotieteiden maisteri ja sosionomi (AMK). Yliopistossa olen opiskellut p\u00e4\u00e4aineenani sosiaality\u00f6t\u00e4 ja sivuaineina psykologiaa ja erityispedagogiikkaa. Ratkaisukeskeiseksi lyhytterapeutiksi olen valmistunut toukokuussa 2021. Muu koulutus: &#8211; Liikunta ja hyvinvointiosaaminen 2024, Jyv\u00e4skyl\u00e4n yliopisto&#8211; Psyykkiset traumat 2023, Turun yliopisto&#8211; ADHD-strategiaohjaaja 2023, ADHD-liitto ry&#8211; LEAD-johtamisvalmennus 2022, AVA-akatemia&#8211; Asahi-ohjaaja (C-lisenssi) 2022, Asahi Nordic&#8211; Kertaterapia (SST) 2022, &hellip; <\/p>\n<p class=\"link-more\"><a href=\"https:\/\/www.selevis.fi\/?page_id=81\" class=\"more-link\">Jatka lukemista<span class=\"screen-reader-text\"> &#8221;Palveluista vastaa&#8221;<\/span><\/a><\/p>\n","protected":false},"author":1,"featured_media":264,"parent":0,"menu_order":0,"comment_status":"closed","ping_status":"closed","template":"","meta":{"footnotes":""},"class_list":["post-81","page","type-page","status-publish","has-post-thumbnail","hentry","entry"],"_links":{"self":[{"href":"https:\/\/www.selevis.fi\/index.php?rest_route=\/wp\/v2\/pages\/81","targetHints":{"allow":["GET"]}}],"collection":[{"href":"https:\/\/www.selevis.fi\/index.php?rest_route=\/wp\/v2\/pages"}],"about":[{"href":"https:\/\/www.selevis.fi\/index.php?rest_route=\/wp\/v2\/types\/page"}],"author":[{"embeddable":true,"href":"https:\/\/www.selevis.fi\/index.php?rest_route=\/wp\/v2\/users\/1"}],"replies":[{"embeddable":true,"href":"https:\/\/www.selevis.fi\/index.php?rest_route=%2Fwp%2Fv2%2Fcomments&post=81"}],"version-history":[{"count":22,"href":"https:\/\/www.selevis.fi\/index.php?rest_route=\/wp\/v2\/pages\/81\/revisions"}],"predecessor-version":[{"id":262,"href":"https:\/\/www.selevis.fi\/index.php?rest_route=\/wp\/v2\/pages\/81\/revisions\/262"}],"wp:featuredmedia":[{"embeddable":true,"href":"https:\/\/www.selevis.fi\/index.php?rest_route=\/wp\/v2\/media\/264"}],"wp:attachment":[{"href":"https:\/\/www.selevis.fi\/index.php?rest_route=%2Fwp%2Fv2%2Fmedia&parent=81"}],"curies":[{"name":"wp","href":"https:\/\/api.w.org\/{rel}","templated":true}]}}